{"id":52,"date":"2016-10-30T14:41:04","date_gmt":"2016-10-30T12:41:04","guid":{"rendered":"http:\/\/rusis.org\/rusis\/?page_id=52"},"modified":"2018-05-10T08:40:42","modified_gmt":"2018-05-10T06:40:42","slug":"geschichtliches","status":"publish","type":"page","link":"https:\/\/rusis.org\/rusis\/geschichtliches\/","title":{"rendered":"Geschichtliches"},"content":{"rendered":"<p><strong>1. Juli 2006 &#8211; RuSIS startet als Pilotprojekt<\/strong><\/p>\n<p>Es waren sehr viele Gespr\u00e4che und die Beharrlichkeit des Ideengebers, Herr Prof. Dr. Stachowske, erforderlich um die Idee von RuSIS in die Tat umzusetzen.<\/p>\n<p>Am 01.07.2006 startete die Pilotphase von RuSIS. Vom Wehr Vogelsang auf Essener Stadtgebiet \u00fcber die alte Flu\u00dfbadeanstalt in Bochum-Dahlhausen, bis zur Bootsrutsche in Hattingen wurden durch die ersten Schilder aufgehangen. Zeitgleich fiel auch der Startschu\u00df f\u00fcr rusis.de, der Internetplattform mit weiteren Informationen rund um das Ruhr-Standort-Informations-System.<\/p>\n<p><strong>31. Dezember 2006 &#8211; Quo Vaadis RuSIS<\/strong><\/p>\n<p>Das seit Anfang Juli 2006 laufende Pilotprojekt ist ein voller Erfolg. In diesem 6 Monaten wurden 13 Notrufe unter Angabe der RuSIS-Nummer abgegeben; 13 mal konnten die Einsatzkr\u00e4fte gezielt den Ort anfahren, wo ein Mensch Hilfe ben\u00f6tigte. Doch trotz diese Erfolges ist die Zukunft von RuSIS fraglich. Alle wollen RuSIS, aber keiner hat Geld das System aufzubauen.<\/p>\n<p><strong>7. Juli 2007 &#8211; Landtagsabgeordnete laden RuSIS-Organisatoren ein<\/strong><\/p>\n<p>Die Landtagsabgeordneten Thomas Eiskirch, Rainer Bovermann, Thomas Stotko und Wolfgang J\u00f6rg haben die Organisatoren des RuSIS-Projektes zu der am 07.07.07 stattfindenden Ruhrtalbahnfahrt eingeladen.<br \/>\nIm Rahmen dieser Fahrt haben wir die M\u00f6glichkeit das RuSIS-Konzept den Teilnehmern vorzustellen und in Gespr\u00e4chen f\u00fcr die Umsetzung zu werben.<\/p>\n<p><strong>18. Juni 2007 &#8211; Bochumer CDU-Ratsfraktion informiert sich \u00fcber RuSIS<\/strong><\/p>\n<p>Im Rahmen der Besichtigung einer DLRG Rettungswache in Bochum, konnten sich die Mitglieder der CDU-Ratsfraktion auch \u00fcber RuSIS informieren.<br \/>\nDas Feedback aus den Gespr\u00e4chen mit den Ratsmitgliedern baut auf und l\u00e4\u00dft die Organisatoren hoffen, dass es M\u00f6glichkeiten zur Umsetzung im Bereich der Stadt Bochum gibt.<\/p>\n<p><strong>27. August 2007 &#8211; Der Landtagsabgeordnete Thomas Eiskirch l\u00e4dt zum Runden Tisch ein.<\/strong><\/p>\n<p>Am 27. August 2007 fand in den R\u00e4umen der Freitzeitgesellschaft Kemnade ein Runder Tisch aller Interessenten statt. F\u00fcr die RuSIS-Organisatoren ist somit ein langersehnter Traum wahr geworden. Die Finanzierung der RuSIS-Schilder f\u00fcr das Bochumer Stadtgebiet steht.<br \/>\nDie Bezirksvertretung Bochum-S\u00fcd und die Bezirksvertretung Bochum-S\u00fcd-West wollen jeweils 1000\u20ac f\u00fcr den Aufbau von RuSIS zur Verf\u00fcgung stellen. Hierzu m\u00fcssen in den n\u00e4chsten Wochen die entsprechenden Antr\u00e4ge in die Bezirksvertretungen eingebracht werden.<br \/>\nDie Freizeitgesellschaft Kemnade (FZK) wird f\u00fcr den Aufbau von RuSIS am Kemnader See 15 Schilder aufstellen.<br \/>\nUnd zu guter letzt haben 11 der anwesenden Personen jeweils pers\u00f6nlich ein Schild f\u00fcr den Aufbau gespendet.<br \/>\nSomit werden die Ruhrauen in Bochum ab dem Fr\u00fchjahr 2008 mit den RuSIS-Schilder ausgestattet sein und im Notfall die Standortbestimmung f\u00fcr den Rettungsdienst vereinfachen.<\/p>\n<div id=\"attachment_56\" style=\"width: 310px\" class=\"wp-caption aligncenter\"><a href=\"https:\/\/rusis.org\/rusis\/wp-content\/uploads\/2016\/10\/csm_TGM-bild-rusis0_4bc6a15095.jpg\"><img aria-describedby=\"caption-attachment-56\" fetchpriority=\"high\" decoding=\"async\" src=\"https:\/\/rusis.org\/rusis\/wp-content\/uploads\/2016\/10\/csm_TGM-bild-rusis0_4bc6a15095-300x207.jpg\" class=\"size-medium wp-image-56\" width=\"300\" height=\"207\" alt=\"Die Teilnehmer des Runden Tisches in Bochum. Bild mit freundlicher Genehmigung von bochum-lokal.de\" srcset=\"https:\/\/rusis.org\/rusis\/wp-content\/uploads\/2016\/10\/csm_TGM-bild-rusis0_4bc6a15095-300x207.jpg 300w, https:\/\/rusis.org\/rusis\/wp-content\/uploads\/2016\/10\/csm_TGM-bild-rusis0_4bc6a15095.jpg 492w\" sizes=\"(max-width: 300px) 100vw, 300px\" \/><\/a><p id=\"caption-attachment-56\" class=\"wp-caption-text\">Die Teilnehmer des Runden Tisches in Bochum. Bild mit freundlicher Genehmigung von bochum-lokal.de<\/p><\/div>\n<p><strong>31. Dezember 2007<\/strong>Ein Jaheswechsel ist zudem ein guter Zeitpunkt um die Arbeit der letzten 12 Monate zu bewerten.<br \/>\nNachdem wir Ende 2006 das Pilotprojekt sehr erfolgreich beendet hatten, war klar, dass es weitergehen mu\u00df. Von den offiziellen Seiten wurde dieses Vorhaben mental unterst\u00fctzt, jedoch konnten wir durch diese Art der Unterst\u00fctzung keine Schilder kaufen.<br \/>\nErst die Gespr\u00e4che mit Manfred Wittmann, Mitglied des Rates der Stadt Bochum, brachten Bewegung in die ganze Sache. Durch weitere Gespr\u00e4che auf der politischen Ebene zeigte sich, dass das RuSIS-Konzept \u00fcber alle Parteigrenzen hinweg eine breite Unterst\u00fctzung erfuhr. F\u00fcr diese Unterst\u00fctzung m\u00f6chten sich die RuSIS-Organisatoren bei allen Beteiligten recht herzlich bedanken!<br \/>\nF\u00fcr 2008 gilt es nun die Schilder im M\u00e4rz aufzustellen und RuSIS weiter in den \u00d6ffentlichkeit zu verankern.<\/p>\n<p><strong>3. M\u00e4rz 2008 &#8211; Der Landtagsabgeordnete Prof. Dr. Rainer Bovermann l\u00e4dt zum Runden Tisch in Hattingen ein<\/strong><\/p>\n<div id=\"attachment_61\" style=\"width: 92px\" class=\"wp-caption alignright\"><img aria-describedby=\"caption-attachment-61\" decoding=\"async\" src=\"https:\/\/rusis.org\/rusis\/wp-content\/uploads\/2016\/10\/2008_Bovermann_Portrait.jpg\" height=\"123\" class=\"wp-image-61\" alt=\"Prof. Dr. Rainer Bovermann\" width=\"82\"><p id=\"caption-attachment-61\" class=\"wp-caption-text\">Prof. Dr. Rainer Bovermann<\/p><\/div>\n<p>Der NRW Landtagsabgeordnete Prof. Dr. Rainer Bovermann (Bild rechts) hat die RuSIS-Organisatoren, die Feuerwehr Hattingen und die DLRG Hattingen zum 03.03.2008 zu einem Runden Tisch in der DLRG Rettungswache Hattingen einladen. Ziel ist es M\u00f6glichkeiten zur Umsetzung von RuSIS in auf dem Gebiet der Stadt Hattingen zu finden.<\/p>\n<p><strong>15. April 2008 &#8211; RuSIS wird offiziell in Betrieb genommen<\/strong><\/p>\n<p>Nach vielen kleinen Schritten konnten wir am 15. April 2008 RuSIS offiziell in Betrieb nehmen. Im beisein der beiden Bezirksb\u00fcrgermeister Doris Erdmann (S\u00fcdwest) und Lutz Gollnick (S\u00fcd), dem Lantagsabgeordneten Thomas Eiskirch, dem Ratsmitglied Manfred Wittmann sowie den RuSIS-Organisatoren Prof. Dr. Martin Stachowske und Torsten Kelle, wurde RuSIS offiziell eingeweiht. &#8222;Es war ein langer Weg, aber die Beharrlichkeit hat sich ausgezahlt&#8220;, betonte Torsten Kelle, der Bezirksleiter der Bochumer DLRG. &#8222;Allen war von Anfang an klar, dass RuSIS eine deutliche Verbesserung bei Eins\u00e4tzen im Ruhrtal bringt, aber es haperte an der Finanzierung. Erst durch den Einsatz des Lantagsabgeorndeten Thomas Eiskirch konnten Spenden und F\u00f6rdert\u00f6pfe akquiriert werden&#8220;, so Kelle.<\/p>\n<p><strong>25. M\u00e4rz 2011 &#8211; RuSIS in Schwerte offiziell eingeweiht<\/strong><\/p>\n<p>Lange hat es gedauert, aber nun haben die Aktiven der DLRG Schwerte es geschafft. Am 25.03.2011 wurde RuSIS in Schwerte offiziell eingeweiht. Unter der Leitung von Andreas Pollak, haben die ehrenamtlichen Lebensretter 18 Schilder entlang der Ruhr in Schwerte aufgestellt.<br \/>\nUnterst\u00fctzt wurde die DLRG Ortsgruppe Schwerte von der Stadt Schwerte, der Feuerwehr Schwerte und den Wasserwerken Schwerte.<\/p>\n","protected":false},"excerpt":{"rendered":"<p>1. Juli 2006 &#8211; RuSIS startet als Pilotprojekt Es waren sehr viele Gespr\u00e4che und die Beharrlichkeit des Ideengebers, Herr Prof. Dr. Stachowske, erforderlich um die Idee von RuSIS in die Tat umzusetzen. Am 01.07.2006 startete die Pilotphase von RuSIS. Vom Wehr Vogelsang auf Essener Stadtgebiet \u00fcber die alte Flu\u00dfbadeanstalt in Bochum-Dahlhausen, bis zur Bootsrutsche in [&hellip;]<\/p>\n","protected":false},"author":1,"featured_media":0,"parent":0,"menu_order":0,"comment_status":"closed","ping_status":"closed","template":"","meta":{"jetpack_post_was_ever_published":false},"jetpack_sharing_enabled":true,"jetpack_shortlink":"https:\/\/wp.me\/P83Pce-Q","jetpack-related-posts":[{"id":5,"url":"https:\/\/rusis.org\/rusis\/","url_meta":{"origin":52,"position":0},"title":"RuSIS","author":"Torsten","date":"30. Oktober 2016","format":false,"excerpt":"RuSIS - Ein \u00dcberblick Das Ruhrtal ist ein attraktives und abwechslungsreiches Gebiet f\u00fcr Freizeit und Erholung. Viele Vereine und Organisationen haben sich im Ruhrtal niedergelassen. Ausgebaute Freizeit- und Sportanlagen wechseln sich regelm\u00e4\u00dfig mit fast unber\u00fchrter Natur ab. RuSIS - Das Problem Entlang des Ruhrverlaufs gibt es f\u00fcr die B\u00fcrger kaum\u2026","rel":"","context":"\u00c4hnlicher Beitrag","block_context":{"text":"\u00c4hnlicher Beitrag","link":""},"img":{"alt_text":"","src":"","width":0,"height":0},"classes":[]},{"id":42,"url":"https:\/\/rusis.org\/rusis\/downloads\/","url_meta":{"origin":52,"position":1},"title":"Downloads","author":"Torsten","date":"30. Oktober 2016","format":false,"excerpt":"Die in diesem Bereich zur Verf\u00fcgung gestellten Dateien sind zur Nutzung innerhalb von Beh\u00f6rden, Hilfeleistungsorganisationen und Interessierte die das RuSIS-Konzept \u00fcbernehmen wollen freigegeben. Wir bitte jedoch immer um die Quellenangabe. Layout RuSIS-Schild RuSIS-Handzettel","rel":"","context":"\u00c4hnlicher Beitrag","block_context":{"text":"\u00c4hnlicher Beitrag","link":""},"img":{"alt_text":"","src":"","width":0,"height":0},"classes":[]},{"id":157,"url":"https:\/\/rusis.org\/rusis\/geschichtliches\/weiterentwicklung-konzeptuebernahme\/","url_meta":{"origin":52,"position":2},"title":"Weiterentwicklung \/ Konzept\u00fcbernahme","author":"Torsten","date":"12. November 2016","format":false,"excerpt":"Die Verwendung der RuSIS-Idee beschr\u00e4nkt sich nicht nur auf das Ruhrufer. Anbei Informationen und Links zu Konzepten, die auf der RuSIS-Idee basieren: BoSIS - Bochumer-Standort-Informations-System","rel":"","context":"\u00c4hnlicher Beitrag","block_context":{"text":"\u00c4hnlicher Beitrag","link":""},"img":{"alt_text":"","src":"","width":0,"height":0},"classes":[]},{"id":15,"url":"https:\/\/rusis.org\/rusis\/rechtliches\/impressum\/","url_meta":{"origin":52,"position":3},"title":"Impressum","author":"Torsten","date":"30. Oktober 2016","format":false,"excerpt":"Angaben gem\u00e4\u00df \u00a7 5 TMG: Torsten Kelle DLRG Bezirk Bochum e.V. Nevelstr. 8 44795 Bochum Kontakt: Telefon: 0234 430409 Telefax: 0234 430387 E-Mail: info@rusis.de \u00a0 Quelle: https:\/\/www.e-recht24.de Haftungsausschluss (Disclaimer) Haftung f\u00fcr Inhalte Als Diensteanbieter sind wir gem\u00e4\u00df \u00a7 7 Abs.1 TMG f\u00fcr eigene Inhalte auf diesen Seiten nach den allgemeinen\u2026","rel":"","context":"\u00c4hnlicher Beitrag","block_context":{"text":"\u00c4hnlicher Beitrag","link":""},"img":{"alt_text":"","src":"","width":0,"height":0},"classes":[]},{"id":40,"url":"https:\/\/rusis.org\/rusis\/rechtliches\/","url_meta":{"origin":52,"position":4},"title":"Rechtliches","author":"Torsten","date":"30. Oktober 2016","format":false,"excerpt":"","rel":"","context":"\u00c4hnlicher Beitrag","block_context":{"text":"\u00c4hnlicher Beitrag","link":""},"img":{"alt_text":"","src":"","width":0,"height":0},"classes":[]},{"id":99,"url":"https:\/\/rusis.org\/rusis\/news\/","url_meta":{"origin":52,"position":5},"title":"News","author":"Torsten","date":"30. Oktober 2016","format":false,"excerpt":"","rel":"","context":"\u00c4hnlicher Beitrag","block_context":{"text":"\u00c4hnlicher Beitrag","link":""},"img":{"alt_text":"","src":"","width":0,"height":0},"classes":[]}],"jetpack_likes_enabled":true,"_links":{"self":[{"href":"https:\/\/rusis.org\/rusis\/wp-json\/wp\/v2\/pages\/52"}],"collection":[{"href":"https:\/\/rusis.org\/rusis\/wp-json\/wp\/v2\/pages"}],"about":[{"href":"https:\/\/rusis.org\/rusis\/wp-json\/wp\/v2\/types\/page"}],"author":[{"embeddable":true,"href":"https:\/\/rusis.org\/rusis\/wp-json\/wp\/v2\/users\/1"}],"replies":[{"embeddable":true,"href":"https:\/\/rusis.org\/rusis\/wp-json\/wp\/v2\/comments?post=52"}],"version-history":[{"count":10,"href":"https:\/\/rusis.org\/rusis\/wp-json\/wp\/v2\/pages\/52\/revisions"}],"predecessor-version":[{"id":234,"href":"https:\/\/rusis.org\/rusis\/wp-json\/wp\/v2\/pages\/52\/revisions\/234"}],"wp:attachment":[{"href":"https:\/\/rusis.org\/rusis\/wp-json\/wp\/v2\/media?parent=52"}],"curies":[{"name":"wp","href":"https:\/\/api.w.org\/{rel}","templated":true}]}}