{"id":5,"date":"2016-10-30T10:24:51","date_gmt":"2016-10-30T08:24:51","guid":{"rendered":"http:\/\/rusis.org\/rusis\/?page_id=5"},"modified":"2018-04-16T14:37:16","modified_gmt":"2018-04-16T12:37:16","slug":"rusis","status":"publish","type":"page","link":"https:\/\/rusis.org\/rusis\/","title":{"rendered":"RuSIS"},"content":{"rendered":"<p class=\"p1\"><strong>RuSIS &#8211; Ein \u00dcberblick<\/strong><\/p>\n<p class=\"p1\"><span class=\"s1\">Das Ruhrtal ist ein attraktives und abwechslungsreiches Gebiet f\u00fcr Freizeit und Erholung. Viele Vereine und Organisationen haben sich im Ruhrtal niedergelassen. Ausgebaute Freizeit- und Sportanlagen wechseln sich regelm\u00e4\u00dfig mit fast unber\u00fchrter Natur ab.<\/span><\/p>\n<p class=\"p1\"><b><span class=\"s1\">RuSIS &#8211; Das Problem<\/span><\/b><\/p>\n<p class=\"p2\"><span class=\"s1\">Entlang des Ruhrverlaufs gibt es f\u00fcr die B\u00fcrger kaum Anhaltspunkte zur sicheren Standortbestimmung. Somit k\u00f6nnen die Einsatzkr\u00e4fte nur sehr m\u00fchselig den Hilfesuchenden in ausreichender Zeit zur Hilfe eilen. Die eingehenden Notrufe aus den Mobilfunknetzen in den Leitstellen von Feuerwehr und Polizei k\u00f6nnen schwerlich direkt einem bestimmten Standort zugewiesen werden. Durch die geografischen Merkmale des Ruhrtals kommen die Hilferufe mitunter in den nicht zust\u00e4ndigen Leitstellen an. Trifft im H\u00e4rtefall ein nicht ortskundiger Radwanderer auf einen ebenso nicht ortskundigen Mitarbeiter der Leitstelle so kann der Hilferuf: \u201eIch sehe hier eine Br\u00fccke und einen Strommast.&#8220; f\u00fcr beide Gespr\u00e4chspartner zum Gl\u00fccksspiel werden.<\/span><\/p>\n<p class=\"p1\"><b><span class=\"s1\">RuSIS &#8211; Die Idee<\/span><\/b><\/p>\n<p class=\"p1\"><span class=\"s1\">RuSIS wurde aufgebaut, damit Ihnen in Notf\u00e4llen oder bei Gefahr schnell geholfen werden kann oder Sie selbst schnell Hilfe \u00fcber den Notruf 112 der Feuerwehr anfordern k\u00f6nnen.<\/span><\/p>\n<p class=\"p1\"><b><span class=\"s1\">RuSIS &#8211; Das Konzept<\/span><\/b><\/p>\n<p class=\"p1\">Ideengeber war Herr Prof. Dr. Stachowske. Er befand sind im Juni 2003 an der Ruhr und erlebte, wie die Rettungskr\u00e4fte bei einem Einsatz den korrekten Einsatzort suchten und schlie\u00dflich auf der falschen Ruhrseite landeten. Dieser Umstand lie\u00df ihm keine Ruhr und er entwickelte den Gedanken f\u00fcr ein Standort-Informations-Systems. Zusammen mit <span class=\"s1\">Spezialisten der Feuerwehr f\u00fcr die Koordination der Rettungseins\u00e4tze<\/span>, <span class=\"s1\">erfahrenen Rettern der DLRG und Fachleuten der Wasserwirtschafts\u00e4mter<\/span> hat Herr Prof. Dr. Stachowske<span class=\"s1\"> die Anforderungen an RuSIS erarbeitet. Ziel der Arbeit dieses Teams: Ihnen wird schnell Hilfe zu dem Standort geschickt, an dem Sie Hilfe ben\u00f6tigen.<\/span><\/p>\n<p class=\"p1\"><b><span class=\"s1\">RuSIS &#8211; Die Umsetzung<\/span><\/b><\/p>\n<p class=\"p4\"><span class=\"s1\">RuSIS ist 2006 als ein Pilotprojekt gestartet und hat den Nachweis der Funktionsf\u00e4higkeit erbracht. Seit dem 15. April 2008 ist RuSIS aktiv im Bereich der St\u00e4dte Bochum und Hattingen. Was als kleine lokale L\u00f6sung begann hat sich in den letzten Jahren St\u00fcck f\u00fcr St\u00fcck ausgeweitet. Heute (<\/span>Juli 2017<span class=\"s1\">) wird die Ruhr von Schwerte bis <\/span>zur Ruhrm\u00fcndung<span class=\"s1\"> abgedeckt<\/span>.<\/p>\n<p class=\"p4\"><span class=\"s1\">Falls Sie Hilfe ben\u00f6tigen<\/span><\/p>\n<ul class=\"ul1\">\n<li><span class=\"s1\">w\u00e4hlen Sie 112<\/span><\/li>\n<li><span class=\"s1\">sobald die Verbindung aufgebaut ist, werden Sie nach dem Standort gefragt<\/span><\/li>\n<li><span class=\"s1\">geben Sie die vierstellige bzw. f\u00fcnfstellige Standortnummer an<\/span><\/li>\n<\/ul>\n<p class=\"p4\"><span class=\"s1\">Die Besatzung der Leitstelle entsendet sofort die Einsatzfahrzeuge.<\/span><\/p>\n<p class=\"p4\"><span class=\"s1\">Die Besatzungen der Einsatzfahrzeuge haben alle Informationen, um Ihnen in k\u00fcrzester Zeit zu helfen.<\/span><\/p>\n","protected":false},"excerpt":{"rendered":"<p>RuSIS &#8211; Ein \u00dcberblick Das Ruhrtal ist ein attraktives und abwechslungsreiches Gebiet f\u00fcr Freizeit und Erholung. Viele Vereine und Organisationen haben sich im Ruhrtal niedergelassen. Ausgebaute Freizeit- und Sportanlagen wechseln sich regelm\u00e4\u00dfig mit fast unber\u00fchrter Natur ab. RuSIS &#8211; Das Problem Entlang des Ruhrverlaufs gibt es f\u00fcr die B\u00fcrger kaum Anhaltspunkte zur sicheren Standortbestimmung. Somit [&hellip;]<\/p>\n","protected":false},"author":1,"featured_media":0,"parent":0,"menu_order":0,"comment_status":"closed","ping_status":"closed","template":"","meta":{"jetpack_post_was_ever_published":false},"jetpack_sharing_enabled":true,"jetpack_shortlink":"https:\/\/wp.me\/P83Pce-5","jetpack-related-posts":[{"id":52,"url":"https:\/\/rusis.org\/rusis\/geschichtliches\/","url_meta":{"origin":5,"position":0},"title":"Geschichtliches","author":"Torsten","date":"30. Oktober 2016","format":false,"excerpt":"1. Juli 2006 - RuSIS startet als Pilotprojekt Es waren sehr viele Gespr\u00e4che und die Beharrlichkeit des Ideengebers, Herr Prof. Dr. Stachowske, erforderlich um die Idee von RuSIS in die Tat umzusetzen. Am 01.07.2006 startete die Pilotphase von RuSIS. Vom Wehr Vogelsang auf Essener Stadtgebiet \u00fcber die alte Flu\u00dfbadeanstalt in\u2026","rel":"","context":"\u00c4hnlicher Beitrag","block_context":{"text":"\u00c4hnlicher Beitrag","link":""},"img":{"alt_text":"","src":"https:\/\/i0.wp.com\/rusis.org\/rusis\/wp-content\/uploads\/2016\/10\/csm_TGM-bild-rusis0_4bc6a15095-300x207.jpg?resize=350%2C200","width":350,"height":200},"classes":[]},{"id":15,"url":"https:\/\/rusis.org\/rusis\/rechtliches\/impressum\/","url_meta":{"origin":5,"position":1},"title":"Impressum","author":"Torsten","date":"30. Oktober 2016","format":false,"excerpt":"Angaben gem\u00e4\u00df \u00a7 5 TMG: Torsten Kelle DLRG Bezirk Bochum e.V. Nevelstr. 8 44795 Bochum Kontakt: Telefon: 0234 430409 Telefax: 0234 430387 E-Mail: info@rusis.de \u00a0 Quelle: https:\/\/www.e-recht24.de Haftungsausschluss (Disclaimer) Haftung f\u00fcr Inhalte Als Diensteanbieter sind wir gem\u00e4\u00df \u00a7 7 Abs.1 TMG f\u00fcr eigene Inhalte auf diesen Seiten nach den allgemeinen\u2026","rel":"","context":"\u00c4hnlicher Beitrag","block_context":{"text":"\u00c4hnlicher Beitrag","link":""},"img":{"alt_text":"","src":"","width":0,"height":0},"classes":[]},{"id":157,"url":"https:\/\/rusis.org\/rusis\/geschichtliches\/weiterentwicklung-konzeptuebernahme\/","url_meta":{"origin":5,"position":2},"title":"Weiterentwicklung \/ Konzept\u00fcbernahme","author":"Torsten","date":"12. November 2016","format":false,"excerpt":"Die Verwendung der RuSIS-Idee beschr\u00e4nkt sich nicht nur auf das Ruhrufer. Anbei Informationen und Links zu Konzepten, die auf der RuSIS-Idee basieren: BoSIS - Bochumer-Standort-Informations-System","rel":"","context":"\u00c4hnlicher Beitrag","block_context":{"text":"\u00c4hnlicher Beitrag","link":""},"img":{"alt_text":"","src":"","width":0,"height":0},"classes":[]},{"id":21,"url":"https:\/\/rusis.org\/rusis\/rechtliches\/datenschutzerklaerung\/","url_meta":{"origin":5,"position":3},"title":"Datenschutzerkl\u00e4rung","author":"Torsten","date":"30. Oktober 2016","format":false,"excerpt":"Datenschutzerkl\u00e4rungDiese Datenschutzerkl\u00e4rung kl\u00e4rt Sie \u00fcber die Art, den Umfang und Zweck der Verarbeitung von personenbezogenen Daten (nachfolgend kurz \u201eDaten\u201c) innerhalb unseres Onlineangebotes und der mit ihm verbundenen Webseiten, Funktionen und Inhalte sowie externen Onlinepr\u00e4senzen, wie z.B. unser Social Media Profile auf (nachfolgend gemeinsam bezeichnet als \u201eOnlineangebot\u201c). Im Hinblick auf die\u2026","rel":"","context":"\u00c4hnlicher Beitrag","block_context":{"text":"\u00c4hnlicher Beitrag","link":""},"img":{"alt_text":"","src":"","width":0,"height":0},"classes":[]},{"id":42,"url":"https:\/\/rusis.org\/rusis\/downloads\/","url_meta":{"origin":5,"position":4},"title":"Downloads","author":"Torsten","date":"30. Oktober 2016","format":false,"excerpt":"Die in diesem Bereich zur Verf\u00fcgung gestellten Dateien sind zur Nutzung innerhalb von Beh\u00f6rden, Hilfeleistungsorganisationen und Interessierte die das RuSIS-Konzept \u00fcbernehmen wollen freigegeben. Wir bitte jedoch immer um die Quellenangabe. Layout RuSIS-Schild RuSIS-Handzettel","rel":"","context":"\u00c4hnlicher Beitrag","block_context":{"text":"\u00c4hnlicher Beitrag","link":""},"img":{"alt_text":"","src":"","width":0,"height":0},"classes":[]}],"jetpack_likes_enabled":true,"_links":{"self":[{"href":"https:\/\/rusis.org\/rusis\/wp-json\/wp\/v2\/pages\/5"}],"collection":[{"href":"https:\/\/rusis.org\/rusis\/wp-json\/wp\/v2\/pages"}],"about":[{"href":"https:\/\/rusis.org\/rusis\/wp-json\/wp\/v2\/types\/page"}],"author":[{"embeddable":true,"href":"https:\/\/rusis.org\/rusis\/wp-json\/wp\/v2\/users\/1"}],"replies":[{"embeddable":true,"href":"https:\/\/rusis.org\/rusis\/wp-json\/wp\/v2\/comments?post=5"}],"version-history":[{"count":8,"href":"https:\/\/rusis.org\/rusis\/wp-json\/wp\/v2\/pages\/5\/revisions"}],"predecessor-version":[{"id":231,"href":"https:\/\/rusis.org\/rusis\/wp-json\/wp\/v2\/pages\/5\/revisions\/231"}],"wp:attachment":[{"href":"https:\/\/rusis.org\/rusis\/wp-json\/wp\/v2\/media?parent=5"}],"curies":[{"name":"wp","href":"https:\/\/api.w.org\/{rel}","templated":true}]}}