{"id":42,"date":"2016-10-30T11:26:10","date_gmt":"2016-10-30T10:26:10","guid":{"rendered":"http:\/\/rusis.org\/rusis\/?page_id=42"},"modified":"2016-10-30T12:08:35","modified_gmt":"2016-10-30T11:08:35","slug":"downloads","status":"publish","type":"page","link":"https:\/\/rusis.org\/rusis\/downloads\/","title":{"rendered":"Downloads"},"content":{"rendered":"<p>Die in diesem Bereich zur Verf\u00fcgung gestellten Dateien sind zur Nutzung innerhalb von Beh\u00f6rden, Hilfeleistungsorganisationen und Interessierte die das RuSIS-Konzept \u00fcbernehmen wollen freigegeben. Wir bitte jedoch immer um die Quellenangabe.<\/p>\n<p><a href=\"https:\/\/rusis.org\/rusis\/wp-content\/uploads\/2016\/10\/RuSIS-Schild.pdf\">Layout RuSIS-Schild<\/a><\/p>\n<p><a href=\"https:\/\/rusis.org\/rusis\/wp-content\/uploads\/2016\/10\/Handzettel_RuSIS_2016.pdf\">RuSIS-Handzettel<\/a><\/p>\n","protected":false},"excerpt":{"rendered":"<p>Die in diesem Bereich zur Verf\u00fcgung gestellten Dateien sind zur Nutzung innerhalb von Beh\u00f6rden, Hilfeleistungsorganisationen und Interessierte die das RuSIS-Konzept \u00fcbernehmen wollen freigegeben. Wir bitte jedoch immer um die Quellenangabe. Layout RuSIS-Schild RuSIS-Handzettel<\/p>\n","protected":false},"author":1,"featured_media":0,"parent":0,"menu_order":0,"comment_status":"closed","ping_status":"closed","template":"","meta":{"jetpack_post_was_ever_published":false},"jetpack_sharing_enabled":true,"jetpack_shortlink":"https:\/\/wp.me\/P83Pce-G","jetpack-related-posts":[{"id":52,"url":"https:\/\/rusis.org\/rusis\/geschichtliches\/","url_meta":{"origin":42,"position":0},"title":"Geschichtliches","author":"Torsten","date":"30. Oktober 2016","format":false,"excerpt":"1. Juli 2006 - RuSIS startet als Pilotprojekt Es waren sehr viele Gespr\u00e4che und die Beharrlichkeit des Ideengebers, Herr Prof. Dr. Stachowske, erforderlich um die Idee von RuSIS in die Tat umzusetzen. Am 01.07.2006 startete die Pilotphase von RuSIS. Vom Wehr Vogelsang auf Essener Stadtgebiet \u00fcber die alte Flu\u00dfbadeanstalt in\u2026","rel":"","context":"\u00c4hnlicher Beitrag","block_context":{"text":"\u00c4hnlicher Beitrag","link":""},"img":{"alt_text":"","src":"https:\/\/i0.wp.com\/rusis.org\/rusis\/wp-content\/uploads\/2016\/10\/csm_TGM-bild-rusis0_4bc6a15095-300x207.jpg?resize=350%2C200","width":350,"height":200},"classes":[]},{"id":5,"url":"https:\/\/rusis.org\/rusis\/","url_meta":{"origin":42,"position":1},"title":"RuSIS","author":"Torsten","date":"30. Oktober 2016","format":false,"excerpt":"RuSIS - Ein \u00dcberblick Das Ruhrtal ist ein attraktives und abwechslungsreiches Gebiet f\u00fcr Freizeit und Erholung. Viele Vereine und Organisationen haben sich im Ruhrtal niedergelassen. Ausgebaute Freizeit- und Sportanlagen wechseln sich regelm\u00e4\u00dfig mit fast unber\u00fchrter Natur ab. RuSIS - Das Problem Entlang des Ruhrverlaufs gibt es f\u00fcr die B\u00fcrger kaum\u2026","rel":"","context":"\u00c4hnlicher Beitrag","block_context":{"text":"\u00c4hnlicher Beitrag","link":""},"img":{"alt_text":"","src":"","width":0,"height":0},"classes":[]},{"id":157,"url":"https:\/\/rusis.org\/rusis\/geschichtliches\/weiterentwicklung-konzeptuebernahme\/","url_meta":{"origin":42,"position":2},"title":"Weiterentwicklung \/ Konzept\u00fcbernahme","author":"Torsten","date":"12. November 2016","format":false,"excerpt":"Die Verwendung der RuSIS-Idee beschr\u00e4nkt sich nicht nur auf das Ruhrufer. Anbei Informationen und Links zu Konzepten, die auf der RuSIS-Idee basieren: BoSIS - Bochumer-Standort-Informations-System","rel":"","context":"\u00c4hnlicher Beitrag","block_context":{"text":"\u00c4hnlicher Beitrag","link":""},"img":{"alt_text":"","src":"","width":0,"height":0},"classes":[]},{"id":40,"url":"https:\/\/rusis.org\/rusis\/rechtliches\/","url_meta":{"origin":42,"position":3},"title":"Rechtliches","author":"Torsten","date":"30. Oktober 2016","format":false,"excerpt":"","rel":"","context":"\u00c4hnlicher Beitrag","block_context":{"text":"\u00c4hnlicher Beitrag","link":""},"img":{"alt_text":"","src":"","width":0,"height":0},"classes":[]},{"id":99,"url":"https:\/\/rusis.org\/rusis\/news\/","url_meta":{"origin":42,"position":4},"title":"News","author":"Torsten","date":"30. Oktober 2016","format":false,"excerpt":"","rel":"","context":"\u00c4hnlicher Beitrag","block_context":{"text":"\u00c4hnlicher Beitrag","link":""},"img":{"alt_text":"","src":"","width":0,"height":0},"classes":[]},{"id":36,"url":"https:\/\/rusis.org\/rusis\/rechtliches\/kontakt\/","url_meta":{"origin":42,"position":5},"title":"Kontakt","author":"Torsten","date":"30. Oktober 2016","format":false,"excerpt":"","rel":"","context":"\u00c4hnlicher Beitrag","block_context":{"text":"\u00c4hnlicher Beitrag","link":""},"img":{"alt_text":"","src":"","width":0,"height":0},"classes":[]}],"jetpack_likes_enabled":true,"_links":{"self":[{"href":"https:\/\/rusis.org\/rusis\/wp-json\/wp\/v2\/pages\/42"}],"collection":[{"href":"https:\/\/rusis.org\/rusis\/wp-json\/wp\/v2\/pages"}],"about":[{"href":"https:\/\/rusis.org\/rusis\/wp-json\/wp\/v2\/types\/page"}],"author":[{"embeddable":true,"href":"https:\/\/rusis.org\/rusis\/wp-json\/wp\/v2\/users\/1"}],"replies":[{"embeddable":true,"href":"https:\/\/rusis.org\/rusis\/wp-json\/wp\/v2\/comments?post=42"}],"version-history":[{"count":4,"href":"https:\/\/rusis.org\/rusis\/wp-json\/wp\/v2\/pages\/42\/revisions"}],"predecessor-version":[{"id":48,"href":"https:\/\/rusis.org\/rusis\/wp-json\/wp\/v2\/pages\/42\/revisions\/48"}],"wp:attachment":[{"href":"https:\/\/rusis.org\/rusis\/wp-json\/wp\/v2\/media?parent=42"}],"curies":[{"name":"wp","href":"https:\/\/api.w.org\/{rel}","templated":true}]}}