{"id":36,"date":"2016-10-30T11:12:38","date_gmt":"2016-10-30T10:12:38","guid":{"rendered":"http:\/\/rusis.org\/rusis\/?page_id=36"},"modified":"2021-01-20T00:22:44","modified_gmt":"2021-01-19T23:22:44","slug":"kontakt","status":"publish","type":"page","link":"https:\/\/rusis.org\/rusis\/rechtliches\/kontakt\/","title":{"rendered":"Kontakt"},"content":{"rendered":"<div class=\"wpforms-container wpforms-container-full wpforms-block\" id=\"wpforms-389\"><form id=\"wpforms-form-389\" class=\"wpforms-validate wpforms-form\" data-formid=\"389\" method=\"post\" enctype=\"multipart\/form-data\" action=\"\/rusis\/wp-json\/wp\/v2\/pages\/36\" data-token=\"83983c361c42df8e4dfc8726bede2a82\" data-token-time=\"1776372016\"><noscript class=\"wpforms-error-noscript\">Bitte aktiviere JavaScript in deinem Browser, um dieses Formular fertigzustellen.<\/noscript><div class=\"wpforms-field-container\"><div id=\"wpforms-389-field_0-container\" class=\"wpforms-field wpforms-field-name\" data-field-id=\"0\"><label class=\"wpforms-field-label\">Name <span class=\"wpforms-required-label\">*<\/span><\/label><div class=\"wpforms-field-row wpforms-field-medium\"><div class=\"wpforms-field-row-block wpforms-first wpforms-one-half\"><input type=\"text\" id=\"wpforms-389-field_0\" class=\"wpforms-field-name-first wpforms-field-required\" name=\"wpforms[fields][0][first]\" required><label for=\"wpforms-389-field_0\" class=\"wpforms-field-sublabel after\">Vorname<\/label><\/div><div class=\"wpforms-field-row-block wpforms-one-half\"><input type=\"text\" id=\"wpforms-389-field_0-last\" class=\"wpforms-field-name-last wpforms-field-required\" name=\"wpforms[fields][0][last]\" required><label for=\"wpforms-389-field_0-last\" class=\"wpforms-field-sublabel after\">Nachname<\/label><\/div><\/div><\/div><div id=\"wpforms-389-field_1-container\" class=\"wpforms-field wpforms-field-email\" data-field-id=\"1\"><label class=\"wpforms-field-label\" for=\"wpforms-389-field_1\">E-Mail <span class=\"wpforms-required-label\">*<\/span><\/label><input type=\"email\" id=\"wpforms-389-field_1\" class=\"wpforms-field-medium wpforms-field-required\" name=\"wpforms[fields][1]\" spellcheck=\"false\" required><\/div><div id=\"wpforms-389-field_2-container\" class=\"wpforms-field wpforms-field-textarea\" data-field-id=\"2\"><label class=\"wpforms-field-label\" for=\"wpforms-389-field_2\">Kommentar oder Nachricht <span class=\"wpforms-required-label\">*<\/span><\/label><textarea id=\"wpforms-389-field_2\" class=\"wpforms-field-medium wpforms-field-required\" name=\"wpforms[fields][2]\" required><\/textarea><\/div><\/div><!-- .wpforms-field-container --><div class=\"wpforms-submit-container\" ><input type=\"hidden\" name=\"wpforms[id]\" value=\"389\"><input type=\"hidden\" name=\"page_title\" value=\"\"><input type=\"hidden\" name=\"page_url\" value=\"https:\/\/rusis.org\/rusis\/wp-json\/wp\/v2\/pages\/36\"><input type=\"hidden\" name=\"url_referer\" value=\"\"><button type=\"submit\" name=\"wpforms[submit]\" id=\"wpforms-submit-389\" class=\"wpforms-submit\" data-alt-text=\"Senden...\" data-submit-text=\"Absenden\" aria-live=\"assertive\" value=\"wpforms-submit\">Absenden<\/button><\/div><\/form><\/div>  <!-- .wpforms-container -->","protected":false},"excerpt":{"rendered":"","protected":false},"author":1,"featured_media":0,"parent":40,"menu_order":0,"comment_status":"closed","ping_status":"closed","template":"","meta":{"jetpack_post_was_ever_published":false},"jetpack_sharing_enabled":true,"jetpack_shortlink":"https:\/\/wp.me\/P83Pce-A","jetpack-related-posts":[{"id":15,"url":"https:\/\/rusis.org\/rusis\/rechtliches\/impressum\/","url_meta":{"origin":36,"position":0},"title":"Impressum","author":"Torsten","date":"30. Oktober 2016","format":false,"excerpt":"Angaben gem\u00e4\u00df \u00a7 5 TMG: Torsten Kelle DLRG Bezirk Bochum e.V. Nevelstr. 8 44795 Bochum Kontakt: Telefon: 0234 430409 Telefax: 0234 430387 E-Mail: info@rusis.de \u00a0 Quelle: https:\/\/www.e-recht24.de Haftungsausschluss (Disclaimer) Haftung f\u00fcr Inhalte Als Diensteanbieter sind wir gem\u00e4\u00df \u00a7 7 Abs.1 TMG f\u00fcr eigene Inhalte auf diesen Seiten nach den allgemeinen\u2026","rel":"","context":"\u00c4hnlicher Beitrag","block_context":{"text":"\u00c4hnlicher Beitrag","link":""},"img":{"alt_text":"","src":"","width":0,"height":0},"classes":[]},{"id":21,"url":"https:\/\/rusis.org\/rusis\/rechtliches\/datenschutzerklaerung\/","url_meta":{"origin":36,"position":1},"title":"Datenschutzerkl\u00e4rung","author":"Torsten","date":"30. Oktober 2016","format":false,"excerpt":"Datenschutzerkl\u00e4rungDiese Datenschutzerkl\u00e4rung kl\u00e4rt Sie \u00fcber die Art, den Umfang und Zweck der Verarbeitung von personenbezogenen Daten (nachfolgend kurz \u201eDaten\u201c) innerhalb unseres Onlineangebotes und der mit ihm verbundenen Webseiten, Funktionen und Inhalte sowie externen Onlinepr\u00e4senzen, wie z.B. unser Social Media Profile auf (nachfolgend gemeinsam bezeichnet als \u201eOnlineangebot\u201c). Im Hinblick auf die\u2026","rel":"","context":"\u00c4hnlicher Beitrag","block_context":{"text":"\u00c4hnlicher Beitrag","link":""},"img":{"alt_text":"","src":"","width":0,"height":0},"classes":[]}],"jetpack_likes_enabled":true,"_links":{"self":[{"href":"https:\/\/rusis.org\/rusis\/wp-json\/wp\/v2\/pages\/36"}],"collection":[{"href":"https:\/\/rusis.org\/rusis\/wp-json\/wp\/v2\/pages"}],"about":[{"href":"https:\/\/rusis.org\/rusis\/wp-json\/wp\/v2\/types\/page"}],"author":[{"embeddable":true,"href":"https:\/\/rusis.org\/rusis\/wp-json\/wp\/v2\/users\/1"}],"replies":[{"embeddable":true,"href":"https:\/\/rusis.org\/rusis\/wp-json\/wp\/v2\/comments?post=36"}],"version-history":[{"count":3,"href":"https:\/\/rusis.org\/rusis\/wp-json\/wp\/v2\/pages\/36\/revisions"}],"predecessor-version":[{"id":390,"href":"https:\/\/rusis.org\/rusis\/wp-json\/wp\/v2\/pages\/36\/revisions\/390"}],"up":[{"embeddable":true,"href":"https:\/\/rusis.org\/rusis\/wp-json\/wp\/v2\/pages\/40"}],"wp:attachment":[{"href":"https:\/\/rusis.org\/rusis\/wp-json\/wp\/v2\/media?parent=36"}],"curies":[{"name":"wp","href":"https:\/\/api.w.org\/{rel}","templated":true}]}}