{"id":15,"date":"2016-10-30T09:42:49","date_gmt":"2016-10-30T08:42:49","guid":{"rendered":"http:\/\/rusis.org\/rusis\/?page_id=15"},"modified":"2016-10-30T11:24:37","modified_gmt":"2016-10-30T10:24:37","slug":"impressum","status":"publish","type":"page","link":"https:\/\/rusis.org\/rusis\/rechtliches\/impressum\/","title":{"rendered":"Impressum"},"content":{"rendered":"<p><strong>Angaben gem\u00e4\u00df \u00a7 5 TMG:<\/strong><\/p>\n<p>Torsten Kelle<br \/>\nDLRG Bezirk Bochum e.V.<br \/>\nNevelstr. 8<br \/>\n44795 Bochum<\/p>\n<p><strong>Kontakt:<\/strong><\/p>\n<table>\n<tbody>\n<tr>\n<td>Telefon:<\/td>\n<td>0234 430409<\/td>\n<\/tr>\n<tr>\n<td>Telefax:<\/td>\n<td>0234 430387<\/td>\n<\/tr>\n<tr>\n<td>E-Mail:<\/td>\n<td>info@rusis.de<\/td>\n<\/tr>\n<\/tbody>\n<\/table>\n<p>&nbsp;<\/p>\n<p>Quelle: <em><a href=\"https:\/\/www.e-recht24.de\/\">https:\/\/www.e-recht24.de<\/a><\/em><\/p>\n<h1>Haftungsausschluss (Disclaimer)<\/h1>\n<p><strong>Haftung f\u00fcr Inhalte<\/strong><\/p>\n<p>Als Diensteanbieter sind wir gem\u00e4\u00df \u00a7 7 Abs.1 TMG f\u00fcr eigene Inhalte auf diesen Seiten nach den allgemeinen Gesetzen verantwortlich. Nach \u00a7\u00a7 8 bis 10 TMG sind wir als Diensteanbieter jedoch nicht verpflichtet, \u00fcbermittelte oder gespeicherte fremde Informationen zu \u00fcberwachen oder nach Umst\u00e4nden zu forschen, die auf eine rechtswidrige T\u00e4tigkeit hinweisen.<\/p>\n<p>Verpflichtungen zur Entfernung oder Sperrung der Nutzung von Informationen nach den allgemeinen Gesetzen bleiben hiervon unber\u00fchrt. Eine diesbez\u00fcgliche Haftung ist jedoch erst ab dem Zeitpunkt der Kenntnis einer konkreten Rechtsverletzung m\u00f6glich. Bei Bekanntwerden von entsprechenden Rechtsverletzungen werden wir diese Inhalte umgehend entfernen.<\/p>\n<p><strong>Haftung f\u00fcr Links<\/strong><\/p>\n<p>Unser Angebot enth\u00e4lt Links zu externen Webseiten Dritter, auf deren Inhalte wir keinen Einfluss haben. Deshalb k\u00f6nnen wir f\u00fcr diese fremden Inhalte auch keine Gew\u00e4hr \u00fcbernehmen. F\u00fcr die Inhalte der verlinkten Seiten ist stets der jeweilige Anbieter oder Betreiber der Seiten verantwortlich. Die verlinkten Seiten wurden zum Zeitpunkt der Verlinkung auf m\u00f6gliche Rechtsverst\u00f6\u00dfe \u00fcberpr\u00fcft. Rechtswidrige Inhalte waren zum Zeitpunkt der Verlinkung nicht erkennbar.<\/p>\n<p>Eine permanente inhaltliche Kontrolle der verlinkten Seiten ist jedoch ohne konkrete Anhaltspunkte einer Rechtsverletzung nicht zumutbar. Bei Bekanntwerden von Rechtsverletzungen werden wir derartige Links umgehend entfernen.<\/p>\n<p><strong>Urheberrecht<\/strong><\/p>\n<p>Die durch die Seitenbetreiber erstellten Inhalte und Werke auf diesen Seiten unterliegen dem deutschen Urheberrecht. Die Vervielf\u00e4ltigung, Bearbeitung, Verbreitung und jede Art der Verwertung au\u00dferhalb der Grenzen des Urheberrechtes bed\u00fcrfen der schriftlichen Zustimmung des jeweiligen Autors bzw. Erstellers. Downloads und Kopien dieser Seite sind nur f\u00fcr den privaten, nicht kommerziellen Gebrauch gestattet.<\/p>\n<p>Soweit die Inhalte auf dieser Seite nicht vom Betreiber erstellt wurden, werden die Urheberrechte Dritter beachtet. Insbesondere werden Inhalte Dritter als solche gekennzeichnet. Sollten Sie trotzdem auf eine Urheberrechtsverletzung aufmerksam werden, bitten wir um einen entsprechenden Hinweis. Bei Bekanntwerden von Rechtsverletzungen werden wir derartige Inhalte umgehend entfernen.<\/p>\n","protected":false},"excerpt":{"rendered":"<p>Angaben gem\u00e4\u00df \u00a7 5 TMG: Torsten Kelle DLRG Bezirk Bochum e.V. Nevelstr. 8 44795 Bochum Kontakt: Telefon: 0234 430409 Telefax: 0234 430387 E-Mail: info@rusis.de &nbsp; Quelle: https:\/\/www.e-recht24.de Haftungsausschluss (Disclaimer) Haftung f\u00fcr Inhalte Als Diensteanbieter sind wir gem\u00e4\u00df \u00a7 7 Abs.1 TMG f\u00fcr eigene Inhalte auf diesen Seiten nach den allgemeinen Gesetzen verantwortlich. Nach \u00a7\u00a7 8 [&hellip;]<\/p>\n","protected":false},"author":1,"featured_media":0,"parent":40,"menu_order":0,"comment_status":"closed","ping_status":"closed","template":"","meta":{"jetpack_post_was_ever_published":false},"jetpack_sharing_enabled":true,"jetpack_shortlink":"https:\/\/wp.me\/P83Pce-f","jetpack-related-posts":[{"id":21,"url":"https:\/\/rusis.org\/rusis\/rechtliches\/datenschutzerklaerung\/","url_meta":{"origin":15,"position":0},"title":"Datenschutzerkl\u00e4rung","author":"Torsten","date":"30. Oktober 2016","format":false,"excerpt":"Datenschutzerkl\u00e4rungDiese Datenschutzerkl\u00e4rung kl\u00e4rt Sie \u00fcber die Art, den Umfang und Zweck der Verarbeitung von personenbezogenen Daten (nachfolgend kurz \u201eDaten\u201c) innerhalb unseres Onlineangebotes und der mit ihm verbundenen Webseiten, Funktionen und Inhalte sowie externen Onlinepr\u00e4senzen, wie z.B. unser Social Media Profile auf (nachfolgend gemeinsam bezeichnet als \u201eOnlineangebot\u201c). Im Hinblick auf die\u2026","rel":"","context":"\u00c4hnlicher Beitrag","block_context":{"text":"\u00c4hnlicher Beitrag","link":""},"img":{"alt_text":"","src":"","width":0,"height":0},"classes":[]},{"id":5,"url":"https:\/\/rusis.org\/rusis\/","url_meta":{"origin":15,"position":1},"title":"RuSIS","author":"Torsten","date":"30. Oktober 2016","format":false,"excerpt":"RuSIS - Ein \u00dcberblick Das Ruhrtal ist ein attraktives und abwechslungsreiches Gebiet f\u00fcr Freizeit und Erholung. Viele Vereine und Organisationen haben sich im Ruhrtal niedergelassen. Ausgebaute Freizeit- und Sportanlagen wechseln sich regelm\u00e4\u00dfig mit fast unber\u00fchrter Natur ab. RuSIS - Das Problem Entlang des Ruhrverlaufs gibt es f\u00fcr die B\u00fcrger kaum\u2026","rel":"","context":"\u00c4hnlicher Beitrag","block_context":{"text":"\u00c4hnlicher Beitrag","link":""},"img":{"alt_text":"","src":"","width":0,"height":0},"classes":[]},{"id":52,"url":"https:\/\/rusis.org\/rusis\/geschichtliches\/","url_meta":{"origin":15,"position":2},"title":"Geschichtliches","author":"Torsten","date":"30. Oktober 2016","format":false,"excerpt":"1. Juli 2006 - RuSIS startet als Pilotprojekt Es waren sehr viele Gespr\u00e4che und die Beharrlichkeit des Ideengebers, Herr Prof. Dr. Stachowske, erforderlich um die Idee von RuSIS in die Tat umzusetzen. Am 01.07.2006 startete die Pilotphase von RuSIS. Vom Wehr Vogelsang auf Essener Stadtgebiet \u00fcber die alte Flu\u00dfbadeanstalt in\u2026","rel":"","context":"\u00c4hnlicher Beitrag","block_context":{"text":"\u00c4hnlicher Beitrag","link":""},"img":{"alt_text":"","src":"https:\/\/i0.wp.com\/rusis.org\/rusis\/wp-content\/uploads\/2016\/10\/csm_TGM-bild-rusis0_4bc6a15095-300x207.jpg?resize=350%2C200","width":350,"height":200},"classes":[]},{"id":157,"url":"https:\/\/rusis.org\/rusis\/geschichtliches\/weiterentwicklung-konzeptuebernahme\/","url_meta":{"origin":15,"position":3},"title":"Weiterentwicklung \/ Konzept\u00fcbernahme","author":"Torsten","date":"12. November 2016","format":false,"excerpt":"Die Verwendung der RuSIS-Idee beschr\u00e4nkt sich nicht nur auf das Ruhrufer. Anbei Informationen und Links zu Konzepten, die auf der RuSIS-Idee basieren: BoSIS - Bochumer-Standort-Informations-System","rel":"","context":"\u00c4hnlicher Beitrag","block_context":{"text":"\u00c4hnlicher Beitrag","link":""},"img":{"alt_text":"","src":"","width":0,"height":0},"classes":[]},{"id":42,"url":"https:\/\/rusis.org\/rusis\/downloads\/","url_meta":{"origin":15,"position":4},"title":"Downloads","author":"Torsten","date":"30. Oktober 2016","format":false,"excerpt":"Die in diesem Bereich zur Verf\u00fcgung gestellten Dateien sind zur Nutzung innerhalb von Beh\u00f6rden, Hilfeleistungsorganisationen und Interessierte die das RuSIS-Konzept \u00fcbernehmen wollen freigegeben. Wir bitte jedoch immer um die Quellenangabe. Layout RuSIS-Schild RuSIS-Handzettel","rel":"","context":"\u00c4hnlicher Beitrag","block_context":{"text":"\u00c4hnlicher Beitrag","link":""},"img":{"alt_text":"","src":"","width":0,"height":0},"classes":[]}],"jetpack_likes_enabled":true,"_links":{"self":[{"href":"https:\/\/rusis.org\/rusis\/wp-json\/wp\/v2\/pages\/15"}],"collection":[{"href":"https:\/\/rusis.org\/rusis\/wp-json\/wp\/v2\/pages"}],"about":[{"href":"https:\/\/rusis.org\/rusis\/wp-json\/wp\/v2\/types\/page"}],"author":[{"embeddable":true,"href":"https:\/\/rusis.org\/rusis\/wp-json\/wp\/v2\/users\/1"}],"replies":[{"embeddable":true,"href":"https:\/\/rusis.org\/rusis\/wp-json\/wp\/v2\/comments?post=15"}],"version-history":[{"count":6,"href":"https:\/\/rusis.org\/rusis\/wp-json\/wp\/v2\/pages\/15\/revisions"}],"predecessor-version":[{"id":26,"href":"https:\/\/rusis.org\/rusis\/wp-json\/wp\/v2\/pages\/15\/revisions\/26"}],"up":[{"embeddable":true,"href":"https:\/\/rusis.org\/rusis\/wp-json\/wp\/v2\/pages\/40"}],"wp:attachment":[{"href":"https:\/\/rusis.org\/rusis\/wp-json\/wp\/v2\/media?parent=15"}],"curies":[{"name":"wp","href":"https:\/\/api.w.org\/{rel}","templated":true}]}}